{"id":831,"date":"2024-02-04T13:08:42","date_gmt":"2024-02-04T12:08:42","guid":{"rendered":"https:\/\/bykvoyage.7bulls.com\/?page_id=831"},"modified":"2024-02-04T13:08:42","modified_gmt":"2024-02-04T12:08:42","slug":"wolkowysk-bialorus","status":"publish","type":"page","link":"https:\/\/bykvoyage.7bulls.com\/index.php\/wolkowysk-bialorus\/","title":{"rendered":"Wo\u0142kowysk, Bia\u0142oru\u015b\u00a0"},"content":{"rendered":"\n<div class=\"wp-block-columns is-layout-flex wp-container-core-columns-is-layout-9d6595d7 wp-block-columns-is-layout-flex\">\n<div class=\"wp-block-column is-layout-flow wp-block-column-is-layout-flow\">\n<p>Kt\u00f3\u017c z nas nie pami\u0119ta kultowej kresk\u00f3wki\u00a0\u0412\u043e\u043b\u043a \u0438 \u0437\u0430\u044f\u0446? Jakie by\u0142o nasze zaskoczenie, kiedy w drodze powrotnej na jednej ze stacji benzynowych w Bia\u0142orusi ujrzeli\u015bmy wykonanych z metalu bohater\u00f3w tej bajki. Pomimo \u017ce d\u0142ugo nas\u0142uchiwali\u015bmy, ani my ani byczki nie us\u0142yszeli\u015bmy: Hy \u0437\u0430\u044f\u0446, \u043f\u043e\u0433\u043e\u0434\u0438!<\/p>\n<\/div>\n\n\n\n<div class=\"wp-block-column is-layout-flow wp-block-column-is-layout-flow\">\n<figure class=\"wp-block-image size-large\"><img fetchpriority=\"high\" decoding=\"async\" width=\"768\" height=\"1024\" src=\"https:\/\/bykvoyage.7bulls.com\/wp-content\/uploads\/2024\/02\/IMG_4434-768x1024.jpg\" alt=\"\" class=\"wp-image-832\" srcset=\"https:\/\/bykvoyage.7bulls.com\/wp-content\/uploads\/2024\/02\/IMG_4434-768x1024.jpg 768w, https:\/\/bykvoyage.7bulls.com\/wp-content\/uploads\/2024\/02\/IMG_4434-225x300.jpg 225w, https:\/\/bykvoyage.7bulls.com\/wp-content\/uploads\/2024\/02\/IMG_4434.jpg 883w\" sizes=\"(max-width: 768px) 100vw, 768px\" \/><\/figure>\n<\/div>\n<\/div>\n","protected":false},"excerpt":{"rendered":"<p>Kt\u00f3\u017c z nas nie pami\u0119ta kultowej kresk\u00f3wki\u00a0\u0412\u043e\u043b\u043a \u0438 \u0437\u0430\u044f\u0446? Jakie by\u0142o nasze zaskoczenie, kiedy w drodze powrotnej na jednej ze stacji benzynowych w Bia\u0142orusi ujrzeli\u015bmy wykonanych z metalu bohater\u00f3w tej bajki. Pomimo \u017ce d\u0142ugo nas\u0142uchiwali\u015bmy, ani my ani byczki nie us\u0142yszeli\u015bmy: Hy \u0437\u0430\u044f\u0446, \u043f\u043e\u0433\u043e\u0434\u0438!<\/p>\n","protected":false},"author":3,"featured_media":832,"parent":0,"menu_order":0,"comment_status":"closed","ping_status":"closed","template":"","meta":{"footnotes":""},"categories":[6],"tags":[],"class_list":["post-831","page","type-page","status-publish","has-post-thumbnail","hentry","category-podroze"],"_links":{"self":[{"href":"https:\/\/bykvoyage.7bulls.com\/index.php\/wp-json\/wp\/v2\/pages\/831","targetHints":{"allow":["GET"]}}],"collection":[{"href":"https:\/\/bykvoyage.7bulls.com\/index.php\/wp-json\/wp\/v2\/pages"}],"about":[{"href":"https:\/\/bykvoyage.7bulls.com\/index.php\/wp-json\/wp\/v2\/types\/page"}],"author":[{"embeddable":true,"href":"https:\/\/bykvoyage.7bulls.com\/index.php\/wp-json\/wp\/v2\/users\/3"}],"replies":[{"embeddable":true,"href":"https:\/\/bykvoyage.7bulls.com\/index.php\/wp-json\/wp\/v2\/comments?post=831"}],"version-history":[{"count":1,"href":"https:\/\/bykvoyage.7bulls.com\/index.php\/wp-json\/wp\/v2\/pages\/831\/revisions"}],"predecessor-version":[{"id":833,"href":"https:\/\/bykvoyage.7bulls.com\/index.php\/wp-json\/wp\/v2\/pages\/831\/revisions\/833"}],"wp:featuredmedia":[{"embeddable":true,"href":"https:\/\/bykvoyage.7bulls.com\/index.php\/wp-json\/wp\/v2\/media\/832"}],"wp:attachment":[{"href":"https:\/\/bykvoyage.7bulls.com\/index.php\/wp-json\/wp\/v2\/media?parent=831"}],"wp:term":[{"taxonomy":"category","embeddable":true,"href":"https:\/\/bykvoyage.7bulls.com\/index.php\/wp-json\/wp\/v2\/categories?post=831"},{"taxonomy":"post_tag","embeddable":true,"href":"https:\/\/bykvoyage.7bulls.com\/index.php\/wp-json\/wp\/v2\/tags?post=831"}],"curies":[{"name":"wp","href":"https:\/\/api.w.org\/{rel}","templated":true}]}}