{"id":728,"date":"2024-01-30T08:49:39","date_gmt":"2024-01-30T07:49:39","guid":{"rendered":"https:\/\/bykvoyage.7bulls.com\/?page_id=728"},"modified":"2024-01-30T09:08:52","modified_gmt":"2024-01-30T08:08:52","slug":"smolensk","status":"publish","type":"page","link":"https:\/\/bykvoyage.7bulls.com\/index.php\/smolensk\/","title":{"rendered":"Smole\u0144sk"},"content":{"rendered":"\n<div class=\"wp-block-columns is-layout-flex wp-container-core-columns-is-layout-9d6595d7 wp-block-columns-is-layout-flex\">\n<div class=\"wp-block-column is-layout-flow wp-block-column-is-layout-flow\">\n<p>Smole\u0144sk to nie tylko miejsce na mapie \u2013 to tak\u017ce kawa\u0142ek historii. Byczki odwiedzi\u0142y Katy\u0144 i miejsce katastrofy polskiego samolotu rz\u0105dowego z par\u0105 prezydenck\u0105 na pok\u0142adzie. Smutne!<\/p>\n\n\n\n<figure class=\"wp-block-image size-full\"><img fetchpriority=\"high\" decoding=\"async\" width=\"1015\" height=\"761\" src=\"https:\/\/bykvoyage.7bulls.com\/wp-content\/uploads\/2024\/01\/IMG_4394.jpg\" alt=\"\" class=\"wp-image-729\" srcset=\"https:\/\/bykvoyage.7bulls.com\/wp-content\/uploads\/2024\/01\/IMG_4394.jpg 1015w, https:\/\/bykvoyage.7bulls.com\/wp-content\/uploads\/2024\/01\/IMG_4394-300x225.jpg 300w, https:\/\/bykvoyage.7bulls.com\/wp-content\/uploads\/2024\/01\/IMG_4394-768x576.jpg 768w\" sizes=\"(max-width: 1015px) 100vw, 1015px\" \/><\/figure>\n\n\n\n<figure class=\"wp-block-image size-large\"><img decoding=\"async\" width=\"1024\" height=\"768\" src=\"https:\/\/bykvoyage.7bulls.com\/wp-content\/uploads\/2024\/01\/IMG_4404-1024x768.jpg\" alt=\"\" class=\"wp-image-730\" srcset=\"https:\/\/bykvoyage.7bulls.com\/wp-content\/uploads\/2024\/01\/IMG_4404-1024x768.jpg 1024w, https:\/\/bykvoyage.7bulls.com\/wp-content\/uploads\/2024\/01\/IMG_4404-300x225.jpg 300w, https:\/\/bykvoyage.7bulls.com\/wp-content\/uploads\/2024\/01\/IMG_4404-768x576.jpg 768w, https:\/\/bykvoyage.7bulls.com\/wp-content\/uploads\/2024\/01\/IMG_4404-1536x1152.jpg 1536w, https:\/\/bykvoyage.7bulls.com\/wp-content\/uploads\/2024\/01\/IMG_4404.jpg 1632w\" sizes=\"(max-width: 1024px) 100vw, 1024px\" \/><\/figure>\n<\/div>\n\n\n\n<div class=\"wp-block-column is-layout-flow wp-block-column-is-layout-flow\"><div class=\"leaflet-map WPLeafletMap\" style=\"height:700px; width:100%;\"><\/div><script>\nwindow.WPLeafletMapPlugin = window.WPLeafletMapPlugin || [];\nwindow.WPLeafletMapPlugin.push(function WPLeafletMapShortcode() {\/*<script>*\/\nvar baseUrl = atob('aHR0cHM6Ly90aWxlLm9wZW5zdHJlZXRtYXAub3JnL3t6fS97eH0ve3l9LnBuZw==');\nvar base = (!baseUrl && window.MQ) ?\n    window.MQ.mapLayer() : L.tileLayer(baseUrl,\n        L.Util.extend({}, {\n            detectRetina: 0,\n        },\n        {\"subdomains\":\"abc\",\"noWrap\":false,\"maxZoom\":19}        )\n    );\n    var options = L.Util.extend({}, {\n        layers: [base],\n        attributionControl: false\n    },\n    {\"zoomControl\":true,\"scrollWheelZoom\":false,\"doubleClickZoom\":false,\"fitBounds\":false,\"minZoom\":0,\"maxZoom\":19,\"maxBounds\":null,\"attribution\":\"<a href=\\\"http:\\\/\\\/leafletjs.com\\\" title=\\\"A JS library for interactive maps\\\">Leaflet<\\\/a>; \\u00a9 <a href=\\\"http:\\\/\\\/www.openstreetmap.org\\\/copyright\\\">OpenStreetMap<\\\/a> contributors\"},\n    {});\nwindow.WPLeafletMapPlugin.createMap(options).setView([54.7814057,32.0461261],12);});<\/script><script>\nwindow.WPLeafletMapPlugin = window.WPLeafletMapPlugin || [];\nwindow.WPLeafletMapPlugin.push(function WPLeafletMarkerShortcode() {\/*<script>*\/\nvar map = window.WPLeafletMapPlugin.getCurrentMap();\nvar group = window.WPLeafletMapPlugin.getCurrentGroup();\nvar marker_options = window.WPLeafletMapPlugin.getIconOptions({\"iconUrl\":\"https:\\\/\\\/byvo.pl\\\/byk-svg6.svg\"});\nvar marker = L.marker(\n    [41.8755616,-87.6244212],\n    marker_options\n);\nvar is_image = map.is_image_map;\nif (marker_options.draggable) {\n    marker.on('dragend', function () {\n        var latlng = this.getLatLng();\n        var lat = latlng.lat;\n        var lng = latlng.lng;\n        if (is_image) {\n            console.log('leaflet-marker y=' + lat + ' x=' + lng);\n        } else {\n            console.log('leaflet-marker lat=' + lat + ' lng=' + lng);\n        }\n    });\n}\nmarker.addTo( group );\nmarker.bindPopup(window.WPLeafletMapPlugin.unescape('Pomnik'));window.WPLeafletMapPlugin.markers.push( marker );\n        });<\/script><script>\nwindow.WPLeafletMapPlugin = window.WPLeafletMapPlugin || [];\nwindow.WPLeafletMapPlugin.push(function WPLeafletMarkerShortcode() {\/*<script>*\/\nvar map = window.WPLeafletMapPlugin.getCurrentMap();\nvar group = window.WPLeafletMapPlugin.getCurrentGroup();\nvar marker_options = window.WPLeafletMapPlugin.getIconOptions({\"iconUrl\":\"https:\\\/\\\/byvo.pl\\\/byk-svg6.svg\"});\nvar marker = L.marker(\n    [54.823,32.05],\n    marker_options\n);\nvar is_image = map.is_image_map;\nif (marker_options.draggable) {\n    marker.on('dragend', function () {\n        var latlng = this.getLatLng();\n        var lat = latlng.lat;\n        var lng = latlng.lng;\n        if (is_image) {\n            console.log('leaflet-marker y=' + lat + ' x=' + lng);\n        } else {\n            console.log('leaflet-marker lat=' + lat + ' lng=' + lng);\n        }\n    });\n}\nmarker.addTo( group );\nwindow.WPLeafletMapPlugin.markers.push( marker );\n        });<\/script>\n\n\n\n<div style=\"height:100px\" aria-hidden=\"true\" class=\"wp-block-spacer\"><\/div>\n<\/div>\n<\/div>\n\n\n\n<div class=\"wp-block-columns is-layout-flex wp-container-core-columns-is-layout-9d6595d7 wp-block-columns-is-layout-flex\">\n<div class=\"wp-block-column is-layout-flow wp-block-column-is-layout-flow\">\n<figure class=\"wp-block-image size-full\"><img decoding=\"async\" width=\"628\" height=\"373\" src=\"https:\/\/bykvoyage.7bulls.com\/wp-content\/uploads\/2024\/01\/IMG_4415.jpg\" alt=\"\" class=\"wp-image-731\" srcset=\"https:\/\/bykvoyage.7bulls.com\/wp-content\/uploads\/2024\/01\/IMG_4415.jpg 628w, https:\/\/bykvoyage.7bulls.com\/wp-content\/uploads\/2024\/01\/IMG_4415-300x178.jpg 300w\" sizes=\"(max-width: 628px) 100vw, 628px\" \/><\/figure>\n<\/div>\n\n\n\n<div class=\"wp-block-column is-layout-flow wp-block-column-is-layout-flow\">\n<figure class=\"wp-block-image size-full\"><img loading=\"lazy\" decoding=\"async\" width=\"959\" height=\"719\" src=\"https:\/\/bykvoyage.7bulls.com\/wp-content\/uploads\/2024\/01\/IMG_4427.jpg\" alt=\"\" class=\"wp-image-734\" srcset=\"https:\/\/bykvoyage.7bulls.com\/wp-content\/uploads\/2024\/01\/IMG_4427.jpg 959w, https:\/\/bykvoyage.7bulls.com\/wp-content\/uploads\/2024\/01\/IMG_4427-300x225.jpg 300w, https:\/\/bykvoyage.7bulls.com\/wp-content\/uploads\/2024\/01\/IMG_4427-768x576.jpg 768w\" sizes=\"(max-width: 959px) 100vw, 959px\" \/><\/figure>\n<\/div>\n<\/div>\n","protected":false},"excerpt":{"rendered":"<p>Smole\u0144sk to nie tylko miejsce na mapie \u2013 to tak\u017ce kawa\u0142ek historii. Byczki odwiedzi\u0142y Katy\u0144 i miejsce katastrofy polskiego samolotu rz\u0105dowego z par\u0105 prezydenck\u0105 na pok\u0142adzie. Smutne!<\/p>\n","protected":false},"author":3,"featured_media":0,"parent":0,"menu_order":0,"comment_status":"closed","ping_status":"closed","template":"","meta":{"footnotes":""},"categories":[],"tags":[],"class_list":["post-728","page","type-page","status-publish","hentry"],"_links":{"self":[{"href":"https:\/\/bykvoyage.7bulls.com\/index.php\/wp-json\/wp\/v2\/pages\/728","targetHints":{"allow":["GET"]}}],"collection":[{"href":"https:\/\/bykvoyage.7bulls.com\/index.php\/wp-json\/wp\/v2\/pages"}],"about":[{"href":"https:\/\/bykvoyage.7bulls.com\/index.php\/wp-json\/wp\/v2\/types\/page"}],"author":[{"embeddable":true,"href":"https:\/\/bykvoyage.7bulls.com\/index.php\/wp-json\/wp\/v2\/users\/3"}],"replies":[{"embeddable":true,"href":"https:\/\/bykvoyage.7bulls.com\/index.php\/wp-json\/wp\/v2\/comments?post=728"}],"version-history":[{"count":22,"href":"https:\/\/bykvoyage.7bulls.com\/index.php\/wp-json\/wp\/v2\/pages\/728\/revisions"}],"predecessor-version":[{"id":760,"href":"https:\/\/bykvoyage.7bulls.com\/index.php\/wp-json\/wp\/v2\/pages\/728\/revisions\/760"}],"wp:attachment":[{"href":"https:\/\/bykvoyage.7bulls.com\/index.php\/wp-json\/wp\/v2\/media?parent=728"}],"wp:term":[{"taxonomy":"category","embeddable":true,"href":"https:\/\/bykvoyage.7bulls.com\/index.php\/wp-json\/wp\/v2\/categories?post=728"},{"taxonomy":"post_tag","embeddable":true,"href":"https:\/\/bykvoyage.7bulls.com\/index.php\/wp-json\/wp\/v2\/tags?post=728"}],"curies":[{"name":"wp","href":"https:\/\/api.w.org\/{rel}","templated":true}]}}