{"id":713,"date":"2024-01-30T08:27:01","date_gmt":"2024-01-30T07:27:01","guid":{"rendered":"https:\/\/bykvoyage.7bulls.com\/?page_id=713"},"modified":"2024-01-30T08:58:05","modified_gmt":"2024-01-30T07:58:05","slug":"jezioro-michigan","status":"publish","type":"page","link":"https:\/\/bykvoyage.7bulls.com\/index.php\/jezioro-michigan\/","title":{"rendered":"Jezioro Michigan"},"content":{"rendered":"\n<div class=\"wp-block-columns is-layout-flex wp-container-core-columns-is-layout-9d6595d7 wp-block-columns-is-layout-flex\">\n<div class=\"wp-block-column is-layout-flow wp-block-column-is-layout-flow\">\n<p>1000 mil (czyli 1610 km) to chyba najd\u0142u\u017cszy dystans, jaki Byk przejecha\u0142 na rowerze. 8 czerwca 2017 roku ruszy\u0142 z Evanston w Illinois i wytrwa\u0142 na siode\u0142ku dziewi\u0119\u0107 dni. W tym czasie objecha\u0142 wok\u00f3\u0142 ca\u0142e jezioro Michigan. No prawie ca\u0142e, bo cie\u015bnin\u0119 mi\u0119dzy jeziorami Michigan i Huron pokona\u0142, niestety, w samochodzie. Takie prawo, nawet dla byk\u00f3w. Ale w zamian zaliczy\u0142 prawdziwe tornado, jak w kinie!<\/p>\n\n\n\n<figure class=\"wp-block-image size-large\"><img fetchpriority=\"high\" decoding=\"async\" width=\"1024\" height=\"576\" src=\"https:\/\/bykvoyage.7bulls.com\/wp-content\/uploads\/2024\/01\/416022595_24940849475528412_6098474391107527862_n-1024x576.jpg\" alt=\"\" class=\"wp-image-716\" srcset=\"https:\/\/bykvoyage.7bulls.com\/wp-content\/uploads\/2024\/01\/416022595_24940849475528412_6098474391107527862_n-1024x576.jpg 1024w, https:\/\/bykvoyage.7bulls.com\/wp-content\/uploads\/2024\/01\/416022595_24940849475528412_6098474391107527862_n-300x169.jpg 300w, https:\/\/bykvoyage.7bulls.com\/wp-content\/uploads\/2024\/01\/416022595_24940849475528412_6098474391107527862_n-768x432.jpg 768w, https:\/\/bykvoyage.7bulls.com\/wp-content\/uploads\/2024\/01\/416022595_24940849475528412_6098474391107527862_n-1536x864.jpg 1536w, https:\/\/bykvoyage.7bulls.com\/wp-content\/uploads\/2024\/01\/416022595_24940849475528412_6098474391107527862_n.jpg 2048w\" sizes=\"(max-width: 1024px) 100vw, 1024px\" \/><\/figure>\n<\/div>\n\n\n\n<div class=\"wp-block-column is-layout-flow wp-block-column-is-layout-flow\"><div class=\"leaflet-map WPLeafletMap\" style=\"height:700px; width:100%;\"><\/div><script>\nwindow.WPLeafletMapPlugin = window.WPLeafletMapPlugin || [];\nwindow.WPLeafletMapPlugin.push(function WPLeafletMapShortcode() {\/*<script>*\/\nvar baseUrl = atob('aHR0cHM6Ly90aWxlLm9wZW5zdHJlZXRtYXAub3JnL3t6fS97eH0ve3l9LnBuZw==');\nvar base = (!baseUrl && window.MQ) ?\n    window.MQ.mapLayer() : L.tileLayer(baseUrl,\n        L.Util.extend({}, {\n            detectRetina: 0,\n        },\n        {\"subdomains\":\"abc\",\"noWrap\":false,\"maxZoom\":19}        )\n    );\n    var options = L.Util.extend({}, {\n        layers: [base],\n        attributionControl: false\n    },\n    {\"zoomControl\":true,\"scrollWheelZoom\":false,\"doubleClickZoom\":false,\"fitBounds\":false,\"minZoom\":0,\"maxZoom\":19,\"maxBounds\":null,\"attribution\":\"<a href=\\\"http:\\\/\\\/leafletjs.com\\\" title=\\\"A JS library for interactive maps\\\">Leaflet<\\\/a>; \\u00a9 <a href=\\\"http:\\\/\\\/www.openstreetmap.org\\\/copyright\\\">OpenStreetMap<\\\/a> contributors\"},\n    {});\nwindow.WPLeafletMapPlugin.createMap(options).setView([43.85544805,-87.081975446881],7);});<\/script><script>\nwindow.WPLeafletMapPlugin = window.WPLeafletMapPlugin || [];\nwindow.WPLeafletMapPlugin.push(function WPLeafletMarkerShortcode() {\/*<script>*\/\nvar map = window.WPLeafletMapPlugin.getCurrentMap();\nvar group = window.WPLeafletMapPlugin.getCurrentGroup();\nvar marker_options = window.WPLeafletMapPlugin.getIconOptions({\"iconUrl\":\"https:\\\/\\\/byvo.pl\\\/byk-svg6.svg\"});\nvar marker = L.marker(\n    [41.8755616,-87.6244212],\n    marker_options\n);\nvar is_image = map.is_image_map;\nif (marker_options.draggable) {\n    marker.on('dragend', function () {\n        var latlng = this.getLatLng();\n        var lat = latlng.lat;\n        var lng = latlng.lng;\n        if (is_image) {\n            console.log('leaflet-marker y=' + lat + ' x=' + lng);\n        } else {\n            console.log('leaflet-marker lat=' + lat + ' lng=' + lng);\n        }\n    });\n}\nmarker.addTo( group );\nmarker.bindPopup(window.WPLeafletMapPlugin.unescape('Chicago'));window.WPLeafletMapPlugin.markers.push( marker );\n        });<\/script><script>\nwindow.WPLeafletMapPlugin = window.WPLeafletMapPlugin || [];\nwindow.WPLeafletMapPlugin.push(function WPLeafletMarkerShortcode() {\/*<script>*\/\nvar map = window.WPLeafletMapPlugin.getCurrentMap();\nvar group = window.WPLeafletMapPlugin.getCurrentGroup();\nvar marker_options = window.WPLeafletMapPlugin.getIconOptions({\"iconUrl\":\"https:\\\/\\\/byvo.pl\\\/byk-svg6.svg\"});\nvar marker = L.marker(\n    [45.856,-84.792],\n    marker_options\n);\nvar is_image = map.is_image_map;\nif (marker_options.draggable) {\n    marker.on('dragend', function () {\n        var latlng = this.getLatLng();\n        var lat = latlng.lat;\n        var lng = latlng.lng;\n        if (is_image) {\n            console.log('leaflet-marker y=' + lat + ' x=' + lng);\n        } else {\n            console.log('leaflet-marker lat=' + lat + ' lng=' + lng);\n        }\n    });\n}\nmarker.addTo( group );\nwindow.WPLeafletMapPlugin.markers.push( marker );\n        });<\/script>\n<\/div>\n<\/div>\n","protected":false},"excerpt":{"rendered":"<p>1000 mil (czyli 1610 km) to chyba najd\u0142u\u017cszy dystans, jaki Byk przejecha\u0142 na rowerze. 8 czerwca 2017 roku ruszy\u0142 z Evanston w Illinois i wytrwa\u0142 na siode\u0142ku dziewi\u0119\u0107 dni. W tym czasie objecha\u0142 wok\u00f3\u0142 ca\u0142e jezioro Michigan. No prawie ca\u0142e, bo cie\u015bnin\u0119 mi\u0119dzy jeziorami Michigan i Huron pokona\u0142, niestety, w samochodzie. Takie prawo, nawet dla [&hellip;]<\/p>\n","protected":false},"author":3,"featured_media":716,"parent":0,"menu_order":0,"comment_status":"closed","ping_status":"closed","template":"","meta":{"footnotes":""},"categories":[6],"tags":[30],"class_list":["post-713","page","type-page","status-publish","has-post-thumbnail","hentry","category-podroze","tag-usa"],"_links":{"self":[{"href":"https:\/\/bykvoyage.7bulls.com\/index.php\/wp-json\/wp\/v2\/pages\/713","targetHints":{"allow":["GET"]}}],"collection":[{"href":"https:\/\/bykvoyage.7bulls.com\/index.php\/wp-json\/wp\/v2\/pages"}],"about":[{"href":"https:\/\/bykvoyage.7bulls.com\/index.php\/wp-json\/wp\/v2\/types\/page"}],"author":[{"embeddable":true,"href":"https:\/\/bykvoyage.7bulls.com\/index.php\/wp-json\/wp\/v2\/users\/3"}],"replies":[{"embeddable":true,"href":"https:\/\/bykvoyage.7bulls.com\/index.php\/wp-json\/wp\/v2\/comments?post=713"}],"version-history":[{"count":10,"href":"https:\/\/bykvoyage.7bulls.com\/index.php\/wp-json\/wp\/v2\/pages\/713\/revisions"}],"predecessor-version":[{"id":743,"href":"https:\/\/bykvoyage.7bulls.com\/index.php\/wp-json\/wp\/v2\/pages\/713\/revisions\/743"}],"wp:featuredmedia":[{"embeddable":true,"href":"https:\/\/bykvoyage.7bulls.com\/index.php\/wp-json\/wp\/v2\/media\/716"}],"wp:attachment":[{"href":"https:\/\/bykvoyage.7bulls.com\/index.php\/wp-json\/wp\/v2\/media?parent=713"}],"wp:term":[{"taxonomy":"category","embeddable":true,"href":"https:\/\/bykvoyage.7bulls.com\/index.php\/wp-json\/wp\/v2\/categories?post=713"},{"taxonomy":"post_tag","embeddable":true,"href":"https:\/\/bykvoyage.7bulls.com\/index.php\/wp-json\/wp\/v2\/tags?post=713"}],"curies":[{"name":"wp","href":"https:\/\/api.w.org\/{rel}","templated":true}]}}