{"id":479,"date":"2024-01-08T16:42:33","date_gmt":"2024-01-08T15:42:33","guid":{"rendered":"https:\/\/bykvoyage.7bulls.com\/?page_id=479"},"modified":"2024-01-12T10:05:03","modified_gmt":"2024-01-12T09:05:03","slug":"pomiechowek-przasnysz-myszyniec-mikolajki","status":"publish","type":"page","link":"https:\/\/bykvoyage.7bulls.com\/index.php\/pomiechowek-przasnysz-myszyniec-mikolajki\/","title":{"rendered":"Pomiech\u00f3wek \u2013 Przasnysz \u2013 Myszyniec \u2013 Miko\u0142ajki"},"content":{"rendered":"\n<div class=\"wp-block-columns is-layout-flex wp-container-core-columns-is-layout-9d6595d7 wp-block-columns-is-layout-flex\">\n<div class=\"wp-block-column is-layout-flow wp-block-column-is-layout-flow\">\n<h2 class=\"wp-block-heading\">3 czerwca 2017<\/h2>\n\n\n\n<p>Pomiech\u00f3wek \u2013 Przasnysz \u2013 Myszyniec \u2013 Miko\u0142ajki<\/p>\n\n\n\n<p>Brevet 400km \u2013 Pomiech\u00f3wek.<\/p>\n\n\n\n<p>Miko\u0142aj: Jutro w drog\u0119 z si\u00f3dmym bykiem! W razie czego b\u0119dzie mnie ci\u0105gn\u0105\u0142 \ud83d\ude42<\/p>\n\n\n\n<p>Po drodze Byk zrobi\u0142 sobie zdj\u0119cia w<br>Przasnyszu, Myszy\u0144cu i Miko\u0142ajkach<\/p>\n\n\n\n<figure class=\"wp-block-image size-large\"><img fetchpriority=\"high\" decoding=\"async\" width=\"1024\" height=\"576\" src=\"https:\/\/bykvoyage.7bulls.com\/wp-content\/uploads\/2024\/01\/18815463_1740303859342968_7062608864824825278_o-1024x576.jpg\" alt=\"\" class=\"wp-image-467\" srcset=\"https:\/\/bykvoyage.7bulls.com\/wp-content\/uploads\/2024\/01\/18815463_1740303859342968_7062608864824825278_o-1024x576.jpg 1024w, https:\/\/bykvoyage.7bulls.com\/wp-content\/uploads\/2024\/01\/18815463_1740303859342968_7062608864824825278_o-300x169.jpg 300w, https:\/\/bykvoyage.7bulls.com\/wp-content\/uploads\/2024\/01\/18815463_1740303859342968_7062608864824825278_o-768x432.jpg 768w, https:\/\/bykvoyage.7bulls.com\/wp-content\/uploads\/2024\/01\/18815463_1740303859342968_7062608864824825278_o.jpg 1440w\" sizes=\"(max-width: 1024px) 100vw, 1024px\" \/><\/figure>\n\n\n\n<figure class=\"wp-block-image size-large\"><img decoding=\"async\" width=\"1024\" height=\"576\" src=\"https:\/\/bykvoyage.7bulls.com\/wp-content\/uploads\/2024\/01\/18880155_1740720155968005_8180005021626650486_o-1024x576.jpg\" alt=\"\" class=\"wp-image-468\" srcset=\"https:\/\/bykvoyage.7bulls.com\/wp-content\/uploads\/2024\/01\/18880155_1740720155968005_8180005021626650486_o-1024x576.jpg 1024w, https:\/\/bykvoyage.7bulls.com\/wp-content\/uploads\/2024\/01\/18880155_1740720155968005_8180005021626650486_o-300x169.jpg 300w, https:\/\/bykvoyage.7bulls.com\/wp-content\/uploads\/2024\/01\/18880155_1740720155968005_8180005021626650486_o-768x432.jpg 768w, https:\/\/bykvoyage.7bulls.com\/wp-content\/uploads\/2024\/01\/18880155_1740720155968005_8180005021626650486_o.jpg 1440w\" sizes=\"(max-width: 1024px) 100vw, 1024px\" \/><\/figure>\n<\/div>\n\n\n\n<div class=\"wp-block-column is-layout-flow wp-block-column-is-layout-flow\"><div class=\"leaflet-map WPLeafletMap\" style=\"height:700px; width:100%;\"><\/div><script>\nwindow.WPLeafletMapPlugin = window.WPLeafletMapPlugin || [];\nwindow.WPLeafletMapPlugin.push(function WPLeafletMapShortcode() {\/*<script>*\/\nvar baseUrl = atob('aHR0cHM6Ly90aWxlLm9wZW5zdHJlZXRtYXAub3JnL3t6fS97eH0ve3l9LnBuZw==');\nvar base = (!baseUrl && window.MQ) ?\n    window.MQ.mapLayer() : L.tileLayer(baseUrl,\n        L.Util.extend({}, {\n            detectRetina: 0,\n        },\n        {\"subdomains\":\"abc\",\"noWrap\":false,\"maxZoom\":19}        )\n    );\n    var options = L.Util.extend({}, {\n        layers: [base],\n        attributionControl: false\n    },\n    {\"zoomControl\":true,\"scrollWheelZoom\":false,\"doubleClickZoom\":false,\"fitBounds\":true,\"minZoom\":0,\"maxZoom\":19,\"maxBounds\":null,\"attribution\":\"<a href=\\\"http:\\\/\\\/leafletjs.com\\\" title=\\\"A JS library for interactive maps\\\">Leaflet<\\\/a>; \\u00a9 <a href=\\\"http:\\\/\\\/www.openstreetmap.org\\\/copyright\\\">OpenStreetMap<\\\/a> contributors\"},\n    {});\nwindow.WPLeafletMapPlugin.createMap(options).setView([44.67,-63.61],16);});<\/script>\n<script>\nwindow.WPLeafletMapPlugin = window.WPLeafletMapPlugin || [];\nwindow.WPLeafletMapPlugin.push(function WPLeafletMarkerShortcode() {\/*<script>*\/\nvar map = window.WPLeafletMapPlugin.getCurrentMap();\nvar group = window.WPLeafletMapPlugin.getCurrentGroup();\nvar marker_options = window.WPLeafletMapPlugin.getIconOptions({\"iconUrl\":\"https:\\\/\\\/byvo.pl\\\/byk-svg6.svg\"});\nvar marker = L.marker(\n    [52.4746,20.74113],\n    marker_options\n);\nvar is_image = map.is_image_map;\nif (marker_options.draggable) {\n    marker.on('dragend', function () {\n        var latlng = this.getLatLng();\n        var lat = latlng.lat;\n        var lng = latlng.lng;\n        if (is_image) {\n            console.log('leaflet-marker y=' + lat + ' x=' + lng);\n        } else {\n            console.log('leaflet-marker lat=' + lat + ' lng=' + lng);\n        }\n    });\n}\nmarker.addTo( group );\nmarker.bindPopup(window.WPLeafletMapPlugin.unescape('Pomiech\u00f3wek'));window.WPLeafletMapPlugin.markers.push( marker );\n        });<\/script>\n<script>\nwindow.WPLeafletMapPlugin = window.WPLeafletMapPlugin || [];\nwindow.WPLeafletMapPlugin.push(function WPLeafletMarkerShortcode() {\/*<script>*\/\nvar map = window.WPLeafletMapPlugin.getCurrentMap();\nvar group = window.WPLeafletMapPlugin.getCurrentGroup();\nvar marker_options = window.WPLeafletMapPlugin.getIconOptions({\"iconUrl\":\"https:\\\/\\\/byvo.pl\\\/byk-svg6.svg\"});\nvar marker = L.marker(\n    [53.3834,21.3516],\n    marker_options\n);\nvar is_image = map.is_image_map;\nif (marker_options.draggable) {\n    marker.on('dragend', function () {\n        var latlng = this.getLatLng();\n        var lat = latlng.lat;\n        var lng = latlng.lng;\n        if (is_image) {\n            console.log('leaflet-marker y=' + lat + ' x=' + lng);\n        } else {\n            console.log('leaflet-marker lat=' + lat + ' lng=' + lng);\n        }\n    });\n}\nmarker.addTo( group );\nmarker.bindPopup(window.WPLeafletMapPlugin.unescape('Myszyniec'));window.WPLeafletMapPlugin.markers.push( marker );\n        });<\/script>\n<script>\nwindow.WPLeafletMapPlugin = window.WPLeafletMapPlugin || [];\nwindow.WPLeafletMapPlugin.push(function WPLeafletMarkerShortcode() {\/*<script>*\/\nvar map = window.WPLeafletMapPlugin.getCurrentMap();\nvar group = window.WPLeafletMapPlugin.getCurrentGroup();\nvar marker_options = window.WPLeafletMapPlugin.getIconOptions({\"iconUrl\":\"https:\\\/\\\/byvo.pl\\\/byk-svg6.svg\"});\nvar marker = L.marker(\n    [53.0184,20.885],\n    marker_options\n);\nvar is_image = map.is_image_map;\nif (marker_options.draggable) {\n    marker.on('dragend', function () {\n        var latlng = this.getLatLng();\n        var lat = latlng.lat;\n        var lng = latlng.lng;\n        if (is_image) {\n            console.log('leaflet-marker y=' + lat + ' x=' + lng);\n        } else {\n            console.log('leaflet-marker lat=' + lat + ' lng=' + lng);\n        }\n    });\n}\nmarker.addTo( group );\nmarker.bindPopup(window.WPLeafletMapPlugin.unescape('Przasnysz'));window.WPLeafletMapPlugin.markers.push( marker );\n        });<\/script>\n<script>\nwindow.WPLeafletMapPlugin = window.WPLeafletMapPlugin || [];\nwindow.WPLeafletMapPlugin.push(function WPLeafletMarkerShortcode() {\/*<script>*\/\nvar map = window.WPLeafletMapPlugin.getCurrentMap();\nvar group = window.WPLeafletMapPlugin.getCurrentGroup();\nvar marker_options = window.WPLeafletMapPlugin.getIconOptions({\"iconUrl\":\"https:\\\/\\\/byvo.pl\\\/byk-svg6.svg\"});\nvar marker = L.marker(\n    [53.802,21.581],\n    marker_options\n);\nvar is_image = map.is_image_map;\nif (marker_options.draggable) {\n    marker.on('dragend', function () {\n        var latlng = this.getLatLng();\n        var lat = latlng.lat;\n        var lng = latlng.lng;\n        if (is_image) {\n            console.log('leaflet-marker y=' + lat + ' x=' + lng);\n        } else {\n            console.log('leaflet-marker lat=' + lat + ' lng=' + lng);\n        }\n    });\n}\nmarker.addTo( group );\nmarker.bindPopup(window.WPLeafletMapPlugin.unescape('Miko\u0142ajki'));window.WPLeafletMapPlugin.markers.push( marker );\n        });<\/script>\n\n\n\n<p>Brevet to d\u0142ugodystansowy rajd rowerowy w czasie, kt\u00f3rego uczestnicy musz\u0105 przejecha\u0107 z g\u00f3ry zdefiniowan\u0105 tras\u0119 melduj\u0105c si\u0119 w zdefiniowanych punktach po\u015brednich w zdefiniowanym limicie czasu (nie szybciej ni\u017c i nie wolniej ni\u017c). Standardowe dystanse na jakich organizuje si\u0119 brevety to 200km, 300km, 400km i 600km.<\/p>\n<\/div>\n<\/div>\n","protected":false},"excerpt":{"rendered":"<p>3 czerwca 2017 Pomiech\u00f3wek \u2013 Przasnysz \u2013 Myszyniec \u2013 Miko\u0142ajki Brevet 400km \u2013 Pomiech\u00f3wek. Miko\u0142aj: Jutro w drog\u0119 z si\u00f3dmym bykiem! W razie czego b\u0119dzie mnie ci\u0105gn\u0105\u0142 \ud83d\ude42 Po drodze Byk zrobi\u0142 sobie zdj\u0119cia wPrzasnyszu, Myszy\u0144cu i Miko\u0142ajkach Brevet to d\u0142ugodystansowy rajd rowerowy w czasie, kt\u00f3rego uczestnicy musz\u0105 przejecha\u0107 z g\u00f3ry zdefiniowan\u0105 tras\u0119 melduj\u0105c si\u0119 [&hellip;]<\/p>\n","protected":false},"author":3,"featured_media":0,"parent":0,"menu_order":0,"comment_status":"closed","ping_status":"closed","template":"","meta":{"footnotes":""},"categories":[],"tags":[],"class_list":["post-479","page","type-page","status-publish","hentry"],"_links":{"self":[{"href":"https:\/\/bykvoyage.7bulls.com\/index.php\/wp-json\/wp\/v2\/pages\/479","targetHints":{"allow":["GET"]}}],"collection":[{"href":"https:\/\/bykvoyage.7bulls.com\/index.php\/wp-json\/wp\/v2\/pages"}],"about":[{"href":"https:\/\/bykvoyage.7bulls.com\/index.php\/wp-json\/wp\/v2\/types\/page"}],"author":[{"embeddable":true,"href":"https:\/\/bykvoyage.7bulls.com\/index.php\/wp-json\/wp\/v2\/users\/3"}],"replies":[{"embeddable":true,"href":"https:\/\/bykvoyage.7bulls.com\/index.php\/wp-json\/wp\/v2\/comments?post=479"}],"version-history":[{"count":2,"href":"https:\/\/bykvoyage.7bulls.com\/index.php\/wp-json\/wp\/v2\/pages\/479\/revisions"}],"predecessor-version":[{"id":635,"href":"https:\/\/bykvoyage.7bulls.com\/index.php\/wp-json\/wp\/v2\/pages\/479\/revisions\/635"}],"wp:attachment":[{"href":"https:\/\/bykvoyage.7bulls.com\/index.php\/wp-json\/wp\/v2\/media?parent=479"}],"wp:term":[{"taxonomy":"category","embeddable":true,"href":"https:\/\/bykvoyage.7bulls.com\/index.php\/wp-json\/wp\/v2\/categories?post=479"},{"taxonomy":"post_tag","embeddable":true,"href":"https:\/\/bykvoyage.7bulls.com\/index.php\/wp-json\/wp\/v2\/tags?post=479"}],"curies":[{"name":"wp","href":"https:\/\/api.w.org\/{rel}","templated":true}]}}