{"id":348,"date":"2024-01-06T18:35:19","date_gmt":"2024-01-06T17:35:19","guid":{"rendered":"https:\/\/bykvoyage.7bulls.com\/?page_id=348"},"modified":"2024-01-19T08:50:32","modified_gmt":"2024-01-19T07:50:32","slug":"o-stronie","status":"publish","type":"page","link":"https:\/\/bykvoyage.7bulls.com\/index.php\/o-stronie\/","title":{"rendered":"O stronie"},"content":{"rendered":"\n<div style=\"height:100px\" aria-hidden=\"true\" class=\"wp-block-spacer\"><\/div>\n\n\n\n<div class=\"wp-block-columns is-layout-flex wp-container-core-columns-is-layout-9d6595d7 wp-block-columns-is-layout-flex\">\n<div class=\"wp-block-column is-layout-flow wp-block-column-is-layout-flow\">\n<p>Strona Byka podr\u00f3\u017cnika czyli opowie\u015bci o&nbsp;przygodach szyde\u0142kowych Byk\u00f3w-maskotek podr\u00f3\u017cuj\u0105cych po ca\u0142ym \u015bwiecie z&nbsp;lud\u017ami z&nbsp;7bulls.<\/p>\n\n\n\n<p>Strona hostowana przez<\/p>\n\n\n\n<figure class=\"wp-block-image size-full\"><a href=\"https:\/\/7bulls.com\"><img fetchpriority=\"high\" decoding=\"async\" width=\"2500\" height=\"789\" src=\"https:\/\/bykvoyage.7bulls.com\/wp-content\/uploads\/2024\/01\/output-1.png\" alt=\"\" class=\"wp-image-356\" srcset=\"https:\/\/bykvoyage.7bulls.com\/wp-content\/uploads\/2024\/01\/output-1.png 2500w, https:\/\/bykvoyage.7bulls.com\/wp-content\/uploads\/2024\/01\/output-1-300x95.png 300w, https:\/\/bykvoyage.7bulls.com\/wp-content\/uploads\/2024\/01\/output-1-1024x323.png 1024w, https:\/\/bykvoyage.7bulls.com\/wp-content\/uploads\/2024\/01\/output-1-768x242.png 768w, https:\/\/bykvoyage.7bulls.com\/wp-content\/uploads\/2024\/01\/output-1-1536x485.png 1536w, https:\/\/bykvoyage.7bulls.com\/wp-content\/uploads\/2024\/01\/output-1-2048x646.png 2048w\" sizes=\"(max-width: 2500px) 100vw, 2500px\" \/><\/a><\/figure>\n<\/div>\n\n\n\n<div class=\"wp-block-column is-layout-flow wp-block-column-is-layout-flow\">\n<h2 class=\"wp-block-heading\">Zesp\u00f3\u0142<\/h2>\n\n\n\n<h2><span class=\"fonttest\">ABC D CBA<\/span><\/h2>\n\n\n\n<ul>\n<li>Jadzia \u2013 mama<\/li>\n<li>\u0141ukasz \u2013 webmaster<\/li>\n<li>Romek \u2013 admin<\/li>\n<li>Andrzej \u2013 typograf<\/li>\n<li>Bogus\u0142aw \u2013 konsultant \u2013 byczy font (j.w.)\u00a0<\/li>\n<li>Katarzyna \u2013 redaktorka<\/li>\n<li>Piotr \u2013 wszystko i nic<\/li>\n<li>r\u00f3\u017cni ludzie pracuj\u0105cy kiedy\u015b i teraz w firmie<\/li>\n<\/ul>\n<\/div>\n<\/div>\n\n\n\n<div class=\"wp-block-columns is-layout-flex wp-container-core-columns-is-layout-9d6595d7 wp-block-columns-is-layout-flex\">\n<div class=\"wp-block-column is-layout-flow wp-block-column-is-layout-flow\">\n<h3 class=\"wp-block-heading\">Licencja<\/h3>\n\n\n\n<p>Wszystkie opublikowane w tym serwisie materia\u0142y s\u0105 dost\u0119pne na zasadach licencji: Creative Commons Uznanie autorstwa-U\u017cycie niekomercyjne-Na tych samych warunkach 4.0 (Attribution-NonCommercial-ShareAlike 4.0 International \u2013 CC BY-NC-SA 4.0) \u2013&nbsp;<a href=\"https:\/\/creativecommons.org\/licenses\/by-nc-sa\/4.0\/legalcode.pl\" target=\"_blank\" rel=\"noreferrer noopener\">Tekst licencji<\/a>&nbsp;\u2013&nbsp;<a href=\"https:\/\/creativecommons.org\/licenses\/by-nc-sa\/4.0\/deed.pl\">Podsumowanie zasad<\/a>.<\/p>\n<\/div>\n\n\n\n<div class=\"wp-block-column is-layout-flow wp-block-column-is-layout-flow\">\n<div style=\"height:100px\" aria-hidden=\"true\" class=\"wp-block-spacer\"><\/div>\n\n\n\n<figure class=\"wp-block-image size-full\"><img decoding=\"async\" width=\"1013\" height=\"292\" src=\"https:\/\/bykvoyage.7bulls.com\/wp-content\/uploads\/2024\/01\/cc.png\" alt=\"\" class=\"wp-image-675\" srcset=\"https:\/\/bykvoyage.7bulls.com\/wp-content\/uploads\/2024\/01\/cc.png 1013w, https:\/\/bykvoyage.7bulls.com\/wp-content\/uploads\/2024\/01\/cc-300x86.png 300w, https:\/\/bykvoyage.7bulls.com\/wp-content\/uploads\/2024\/01\/cc-768x221.png 768w\" sizes=\"(max-width: 1013px) 100vw, 1013px\" \/><\/figure>\n<\/div>\n\n\n\n<div class=\"wp-block-column is-layout-flow wp-block-column-is-layout-flow\"><\/div>\n<\/div>\n","protected":false},"excerpt":{"rendered":"<p>Strona Byka podr\u00f3\u017cnika czyli opowie\u015bci o&nbsp;przygodach szyde\u0142kowych Byk\u00f3w-maskotek podr\u00f3\u017cuj\u0105cych po ca\u0142ym \u015bwiecie z&nbsp;lud\u017ami z&nbsp;7bulls. Strona hostowana przez Zesp\u00f3\u0142 ABC D CBA Jadzia \u2013 mama \u0141ukasz \u2013 webmaster Romek \u2013 admin Andrzej \u2013 typograf Bogus\u0142aw \u2013 konsultant \u2013 byczy font (j.w.)\u00a0 Katarzyna \u2013 redaktorka Piotr \u2013 wszystko i nic r\u00f3\u017cni ludzie pracuj\u0105cy kiedy\u015b i teraz w [&hellip;]<\/p>\n","protected":false},"author":3,"featured_media":0,"parent":0,"menu_order":0,"comment_status":"closed","ping_status":"closed","template":"","meta":{"footnotes":""},"categories":[],"tags":[],"class_list":["post-348","page","type-page","status-publish","hentry"],"_links":{"self":[{"href":"https:\/\/bykvoyage.7bulls.com\/index.php\/wp-json\/wp\/v2\/pages\/348","targetHints":{"allow":["GET"]}}],"collection":[{"href":"https:\/\/bykvoyage.7bulls.com\/index.php\/wp-json\/wp\/v2\/pages"}],"about":[{"href":"https:\/\/bykvoyage.7bulls.com\/index.php\/wp-json\/wp\/v2\/types\/page"}],"author":[{"embeddable":true,"href":"https:\/\/bykvoyage.7bulls.com\/index.php\/wp-json\/wp\/v2\/users\/3"}],"replies":[{"embeddable":true,"href":"https:\/\/bykvoyage.7bulls.com\/index.php\/wp-json\/wp\/v2\/comments?post=348"}],"version-history":[{"count":27,"href":"https:\/\/bykvoyage.7bulls.com\/index.php\/wp-json\/wp\/v2\/pages\/348\/revisions"}],"predecessor-version":[{"id":677,"href":"https:\/\/bykvoyage.7bulls.com\/index.php\/wp-json\/wp\/v2\/pages\/348\/revisions\/677"}],"wp:attachment":[{"href":"https:\/\/bykvoyage.7bulls.com\/index.php\/wp-json\/wp\/v2\/media?parent=348"}],"wp:term":[{"taxonomy":"category","embeddable":true,"href":"https:\/\/bykvoyage.7bulls.com\/index.php\/wp-json\/wp\/v2\/categories?post=348"},{"taxonomy":"post_tag","embeddable":true,"href":"https:\/\/bykvoyage.7bulls.com\/index.php\/wp-json\/wp\/v2\/tags?post=348"}],"curies":[{"name":"wp","href":"https:\/\/api.w.org\/{rel}","templated":true}]}}