{"id":305,"date":"2024-01-04T20:53:52","date_gmt":"2024-01-04T19:53:52","guid":{"rendered":"https:\/\/bykvoyage.7bulls.com\/?page_id=305"},"modified":"2024-01-04T21:10:40","modified_gmt":"2024-01-04T20:10:40","slug":"youtube","status":"publish","type":"page","link":"https:\/\/bykvoyage.7bulls.com\/index.php\/youtube\/","title":{"rendered":"YouTube"},"content":{"rendered":"\n<div class=\"wp-block-columns is-layout-flex wp-container-core-columns-is-layout-9d6595d7 wp-block-columns-is-layout-flex\">\n<div class=\"wp-block-column is-layout-flow wp-block-column-is-layout-flow\">\n<p>Zobacz bycze filmy na YT. Filmy pojawiaj\u0105 si\u0119 nieregularnie, ale premiera nowego filmu jest zawsze o 21:21 mo\u017cesz zobaczy\u0107 udost\u0119pnione ju\u017c filmy obok, albo przej\u015b\u0107 po prostu od razu do playlisty na<\/p>\n\n\n\n<p class=\"has-text-align-left\"> <a href=\"https:\/\/youtube.com\/playlist?list=PLByq_lT8R9VsLc_V0kx8b_szQjnGwIvse&#038;si=3WBgkDNZj8skZbbF\" class=\"su-button su-button-style-default\" style=\"color:#FFFFFF;background-color:#2D89EF;border-color:#246ec0;border-radius:10px\" target=\"_blank\" rel=\"noopener noreferrer\"><span style=\"color:#FFFFFF;padding:0px 26px;font-size:20px;line-height:40px;border-color:#6cadf4;border-radius:10px;text-shadow:none\"> YouTube<\/span><\/a>\n<\/div>\n\n\n\n<div class=\"wp-block-column is-layout-flow wp-block-column-is-layout-flow\">\n<figure class=\"wp-block-embed is-type-video is-provider-youtube wp-block-embed-youtube wp-embed-aspect-16-9 wp-has-aspect-ratio\"><div class=\"wp-block-embed__wrapper\">\n<iframe title=\"BykVoyage\" width=\"800\" height=\"450\" src=\"https:\/\/www.youtube.com\/embed\/videoseries?list=PLByq_lT8R9VsLc_V0kx8b_szQjnGwIvse\" frameborder=\"0\" allow=\"accelerometer; autoplay; clipboard-write; encrypted-media; gyroscope; picture-in-picture; web-share\" allowfullscreen><\/iframe>\n<\/div><\/figure>\n<\/div>\n<\/div>\n","protected":false},"excerpt":{"rendered":"<p>Zobacz bycze filmy na YT. Filmy pojawiaj\u0105 si\u0119 nieregularnie, ale premiera nowego filmu jest zawsze o 21:21 mo\u017cesz zobaczy\u0107 udost\u0119pnione ju\u017c filmy obok, albo przej\u015b\u0107 po prostu od razu do playlisty na<\/p>\n","protected":false},"author":3,"featured_media":0,"parent":0,"menu_order":0,"comment_status":"closed","ping_status":"closed","template":"","meta":{"footnotes":""},"categories":[],"tags":[],"class_list":["post-305","page","type-page","status-publish","hentry"],"_links":{"self":[{"href":"https:\/\/bykvoyage.7bulls.com\/index.php\/wp-json\/wp\/v2\/pages\/305","targetHints":{"allow":["GET"]}}],"collection":[{"href":"https:\/\/bykvoyage.7bulls.com\/index.php\/wp-json\/wp\/v2\/pages"}],"about":[{"href":"https:\/\/bykvoyage.7bulls.com\/index.php\/wp-json\/wp\/v2\/types\/page"}],"author":[{"embeddable":true,"href":"https:\/\/bykvoyage.7bulls.com\/index.php\/wp-json\/wp\/v2\/users\/3"}],"replies":[{"embeddable":true,"href":"https:\/\/bykvoyage.7bulls.com\/index.php\/wp-json\/wp\/v2\/comments?post=305"}],"version-history":[{"count":10,"href":"https:\/\/bykvoyage.7bulls.com\/index.php\/wp-json\/wp\/v2\/pages\/305\/revisions"}],"predecessor-version":[{"id":316,"href":"https:\/\/bykvoyage.7bulls.com\/index.php\/wp-json\/wp\/v2\/pages\/305\/revisions\/316"}],"wp:attachment":[{"href":"https:\/\/bykvoyage.7bulls.com\/index.php\/wp-json\/wp\/v2\/media?parent=305"}],"wp:term":[{"taxonomy":"category","embeddable":true,"href":"https:\/\/bykvoyage.7bulls.com\/index.php\/wp-json\/wp\/v2\/categories?post=305"},{"taxonomy":"post_tag","embeddable":true,"href":"https:\/\/bykvoyage.7bulls.com\/index.php\/wp-json\/wp\/v2\/tags?post=305"}],"curies":[{"name":"wp","href":"https:\/\/api.w.org\/{rel}","templated":true}]}}